{"id":224648,"date":"2021-07-02T19:44:46","date_gmt":"2021-07-02T19:44:46","guid":{"rendered":"https:\/\/www.geratec.org\/jobangebote-in-gera\/"},"modified":"2021-12-02T11:33:45","modified_gmt":"2021-12-02T11:33:45","slug":"jobangebote-in-gera","status":"publish","type":"page","link":"https:\/\/www.geratec.org\/en\/jobangebote-in-gera\/","title":{"rendered":"Stellenangebote"},"content":{"rendered":"<p>[et_pb_section fb_built=&#8221;1&#8243; admin_label=&#8221;Header&#8221; _builder_version=&#8221;4.8.2&#8243; background_color=&#8221;#f7f7f7&#8243; use_background_color_gradient=&#8221;on&#8221; background_color_gradient_start=&#8221;#f7f7f7&#8243; background_color_gradient_end=&#8221;#ffffff&#8221; background_color_gradient_direction=&#8221;90deg&#8221; background_color_gradient_start_position=&#8221;66%&#8221; background_color_gradient_end_position=&#8221;0%&#8221; custom_margin=&#8221;0px||-26px||false|false&#8221; custom_padding=&#8221;0px||0px||false|false&#8221; background_last_edited=&#8221;on|tablet&#8221; use_background_color_gradient_tablet=&#8221;on&#8221; background_color_gradient_start_position_tablet=&#8221;100%&#8221;][et_pb_row column_structure=&#8221;1_2,1_2&#8243; custom_padding_last_edited=&#8221;on|phone&#8221; padding_left_right_link_1=&#8221;false&#8221; _builder_version=&#8221;4.8.2&#8243; background_enable_image=&#8221;off&#8221; background_size=&#8221;initial&#8221; background_position=&#8221;top_left&#8221; custom_padding=&#8221;|||20px&#8221; custom_padding_tablet=&#8221;&#8221; custom_padding_phone=&#8221;|||0px&#8221;][et_pb_column type=&#8221;1_2&#8243; _builder_version=&#8221;3.25&#8243; background_repeat=&#8221;repeat&#8221; custom_padding=&#8221;|20px||&#8221; custom_padding_tablet=&#8221;|0px||&#8221; custom_padding_phone=&#8221;&#8221; custom_padding_last_edited=&#8221;on|tablet&#8221; custom_padding__hover=&#8221;|||&#8221;][et_pb_image src=&#8221;https:\/\/www.geratec.org\/wp-content\/uploads\/2021\/07\/wirsuchendich.png&#8221; title_text=&#8221;wirsuchendich&#8221; _builder_version=&#8221;4.8.2&#8243; _module_preset=&#8221;default&#8221; animation_style=&#8221;zoom&#8221;][\/et_pb_image][et_pb_text _builder_version=&#8221;4.8.2&#8243; text_font=&#8221;Lato||||||||&#8221; text_font_size=&#8221;16px&#8221; text_letter_spacing=&#8221;1px&#8221; text_line_height=&#8221;1.8em&#8221; header_font=&#8221;Lato|900|||||||&#8221; header_text_color=&#8221;#EDF000&#8243; header_font_size=&#8221;60px&#8221; header_line_height=&#8221;1.3em&#8221; custom_margin=&#8221;||60px&#8221; animation_style=&#8221;zoom&#8221; text_font_size_tablet=&#8221;&#8221; text_font_size_phone=&#8221;14px&#8221; text_font_size_last_edited=&#8221;on|desktop&#8221; header_font_size_tablet=&#8221;50px&#8221; header_font_size_phone=&#8221;30px&#8221; header_font_size_last_edited=&#8221;on|phone&#8221;]<\/p>\n<h1><span color=\"#003761\" style=\"color: #003761;\">We are looking for you!<\/span><\/h1>\n<p><span><strong>Job offers in Gera &#8211; Current job advertisements<\/strong><\/span><\/p>\n<p>Geratec GmbH is constantly growing and looking for talents who would like to help shape our success in the future and advance their careers. Become part of our innovative team!<\/p>\n<p>In Gera, located in eastern Thuringia and called the green lung, we produce high-quality plastic products such as rainwater cisterns. Numerous international and national companies are among our customers, including the truck and automotive industry, operators of wastewater treatment plants and significant customers from a wide range of sectors.<\/p>\n<p>We promise: it will never be boring with us!<\/p>\n<p><span color=\"#4359e9\" style=\"color: #4359e9;\"><\/span><\/p>\n<p>[\/et_pb_text][\/et_pb_column][et_pb_column type=&#8221;1_2&#8243; _builder_version=&#8221;3.25&#8243; custom_padding=&#8221;|||&#8221; custom_padding__hover=&#8221;|||&#8221;][et_pb_image src=&#8221;https:\/\/www.geratec.org\/wp-content\/uploads\/2021\/06\/leer.png&#8221; alt=&#8221;Jobangebote in Gera Stellenanzeigen&#8221; title_text=&#8221;Stellenanzeigen Support Jobangebote in Gera&#8221; _builder_version=&#8221;4.8.2&#8243; use_background_color_gradient=&#8221;on&#8221; background_color_gradient_start=&#8221;rgba(16,40,65,0)&#8221; background_color_gradient_end=&#8221;#102841&#8243; background_color_gradient_start_position=&#8221;45%&#8221; background_color_gradient_overlays_image=&#8221;on&#8221; background_image=&#8221;https:\/\/www.geratec.org\/wp-content\/uploads\/2021\/07\/wirsuchendich.jpg&#8221; custom_margin=&#8221;-100px|-12vw||&#8221; custom_margin_tablet=&#8221;0px|||&#8221; custom_margin_phone=&#8221;&#8221; custom_margin_last_edited=&#8221;on|tablet&#8221; custom_padding=&#8221;0px||130%||false|false&#8221; custom_padding_tablet=&#8221;||40%&#8221; custom_padding_phone=&#8221;||40%&#8221; custom_padding_last_edited=&#8221;on|tablet&#8221;][\/et_pb_image][\/et_pb_column][\/et_pb_row][\/et_pb_section][et_pb_section fb_built=&#8221;1&#8243; _builder_version=&#8221;4.8.2&#8243; _module_preset=&#8221;default&#8221;][et_pb_row _builder_version=&#8221;4.8.2&#8243; _module_preset=&#8221;default&#8221;][et_pb_column type=&#8221;4_4&#8243; _builder_version=&#8221;4.8.2&#8243; _module_preset=&#8221;default&#8221;][et_pb_text _builder_version=&#8221;4.8.2&#8243; text_font=&#8221;Lato|300|||||||&#8221; text_font_size=&#8221;16px&#8221; text_line_height=&#8221;1.8em&#8221; header_font=&#8221;||||||||&#8221; header_2_font=&#8221;Bitter||||||||&#8221; header_2_font_size=&#8221;42px&#8221; header_2_line_height=&#8221;1.2em&#8221; header_4_font=&#8221;Lato|900|||||||&#8221; header_4_text_color=&#8221;#003761&#8243; header_4_font_size=&#8221;32px&#8221; text_orientation=&#8221;center&#8221; animation_style=&#8221;zoom&#8221; hover_enabled=&#8221;0&#8243; text_font_size_tablet=&#8221;&#8221; text_font_size_phone=&#8221;14px&#8221; text_font_size_last_edited=&#8221;on|desktop&#8221; header_2_font_size_tablet=&#8221;32px&#8221; header_2_font_size_phone=&#8221;26px&#8221; header_2_font_size_last_edited=&#8221;on|phone&#8221; text_text_align=&#8221;left&#8221; locked=&#8221;off&#8221; sticky_enabled=&#8221;0&#8243;]<\/p>\n<h4>Our job offers! We are looking forward to meeting you!<\/h4>\n<p>[\/et_pb_text][et_pb_accordion _builder_version=&#8221;4.8.2&#8243; _module_preset=&#8221;default&#8221; animation_style=&#8221;zoom&#8221;][et_pb_accordion_item title=&#8221;\u2028Wir suchen ab sofort mehrere zuverl\u00e4ssigen Produktionsmitarbeiter (m\/w) f\u00fcr die Rotation und die Nachbearbeitung unserer Produkte.&#8221; open=&#8221;on&#8221; _builder_version=&#8221;4.8.2&#8243; _module_preset=&#8221;default&#8221;]<\/p>\n<p class=\"p1\">Geratec fertigt im Drei-Schichtbetrieb Kunststoffteile mit Hilfe des Rotationsverfahrens. Es werden Kleinkl\u00e4ranlagen f\u00fcr Haushalte und Kunststofftanks f\u00fcr unterschiedliche Industriezweige (u.a. Lkw- und Baumaschinenhersteller) produziert.<\/p>\n<p>[\/et_pb_accordion_item][et_pb_accordion_item title=&#8221;mehr erfahren&#8221; _builder_version=&#8221;4.8.2&#8243; _module_preset=&#8221;default&#8221; open=&#8221;off&#8221;]<\/p>\n<p class=\"p1\"><b><i>Stellenangebotsbeschreibung: <\/i><\/b><br \/> Wir suchen ab sofort mehrere zuverl\u00e4ssigen Produktionsmitarbeiter (m\/w)\u00a0f\u00fcr die Rotation und die Nachbearbeitung unserer Produkte.<\/p>\n<p class=\"p1\"> <b><i>Aufgaben:<\/i><\/b><br \/> -Fertigung von Kunststoffteilen<br \/> -Bedienung von Rotationsmaschinen<br \/> -Nacharbeit und Montage von Anbauteilen<\/p>\n<p> <b><i>Anforderungen:<\/i><\/b><br \/> &#8211; k\u00f6rperliche Belastbarkeit<br \/> &#8211; Zuverl\u00e4ssigkeit<br \/> &#8211; selbst\u00e4ndige Arbeitsweise<br \/> &#8211; handwerkliches Geschick <br \/> &#8211; Schichtbereitschaft, 3-Schichtsystem<\/p>\n<p> <b><i>Wir bieten Ihnen:<\/i><\/b><\/p>\n<p class=\"p1\">&#8211; leistungsgerechte Entlohnung<br \/> &#8211; Interessante und abwechslungsreiche T\u00e4tigkeit<br \/> &#8211; Gesundheitspr\u00e4mie,<br \/> &#8211; Arbeitsbekleidung, Arbeitsschutzausr\u00fcstung<br \/> &#8211; 27 Tage Urlaub<br \/> &#8211; \u00dcberstundenverg\u00fctung oder Freizeitausgleich <br \/> &#8211; Zuschl\u00e4ge (Nachtarbeit, Feiertagsarbeit, Mehrarbeit)<\/p>\n<p> Vorkenntnisse\/Berufserfahrung von Vorteil aber nicht Voraussetzung, Stelle ist auch f\u00fcr motivierte Quereinsteiger geeignet.<br \/> Gute Deutschkenntnisse w\u00fcnschenswert<span class=\"Apple-converted-space\">\u00a0<\/span><\/p>\n<p class=\"p2\"><b><i><\/i><\/b><\/p>\n<p class=\"p1\"><b><i>Beginn:<\/i><\/b><\/p>\n<p class=\"p1\">Ab sofort<\/p>\n<p class=\"p2\">\n<p class=\"p1\"><b><i>Arbeitszeit:<\/i><\/b><\/p>\n<p class=\"p1\">Schichtbetrieb; 37,5 h\/Woche, Arbeit in 3 Schichten<\/p>\n<p class=\"p2\"><b><i><\/i><\/b><\/p>\n<p class=\"p1\"><b><i>Arbeitgeber-Informationen<\/i><\/b><\/p>\n<p class=\"p1\">Geratec GmbH &amp; Co.KG<br \/> Heinrich-Hertz-Str. 28, 07552 Gera<span class=\"Apple-converted-space\">\u00a0<\/span><\/p>\n<p class=\"p1\">Telefon: +49 365 43531200<br \/> Fax: +49 365 43531228<\/p>\n<p class=\"p1\">www.geratec.org<br \/> E-Mail: <a href=\"mailto:korman@geratec.org\"><span class=\"s1\">korman@geratec.org<\/span><\/a><\/p>\n<p class=\"p2\">\n<p class=\"p1\"><b><i>Ansprechpartner<\/i><\/b><\/p>\n<p class=\"p1\">Ilona Korman<\/p>\n<p>[\/et_pb_accordion_item][\/et_pb_accordion][et_pb_text _builder_version=&#8221;4.8.2&#8243; text_font=&#8221;Lato|300|||||||&#8221; text_font_size=&#8221;16px&#8221; text_line_height=&#8221;1.8em&#8221; header_font=&#8221;||||||||&#8221; header_2_font=&#8221;Bitter||||||||&#8221; header_2_font_size=&#8221;42px&#8221; header_2_line_height=&#8221;1.2em&#8221; header_4_font=&#8221;Lato|900|||||||&#8221; header_4_text_color=&#8221;#003761&#8243; header_4_font_size=&#8221;32px&#8221; text_orientation=&#8221;center&#8221; animation_style=&#8221;zoom&#8221; hover_enabled=&#8221;0&#8243; text_font_size_tablet=&#8221;&#8221; text_font_size_phone=&#8221;14px&#8221; text_font_size_last_edited=&#8221;on|desktop&#8221; header_2_font_size_tablet=&#8221;32px&#8221; header_2_font_size_phone=&#8221;26px&#8221; header_2_font_size_last_edited=&#8221;on|phone&#8221; text_text_align=&#8221;left&#8221; locked=&#8221;off&#8221; sticky_enabled=&#8221;0&#8243;]<\/p>\n<h4>A career at Geratec? What makes us different!<\/h4>\n<p>Our innovative team is passionately part of this dynamic and future-oriented industry. We want to help shape the industry and proactively lead the way. So we act instead of reacting. And always have essential aspects such as sustainability and recycling in mind.<\/p>\n<p>Become part of Geratec and shape the future of plastics processing with us! Apply for our current job advertisement or also on your own initiative!<\/p>\n<p><strong>Job offers in Gera: Your profile is our image.<\/strong><\/p>\n<p>ithout the commitment of our young, dynamic team, we would not exist! If you think you would be a suitable addition or the missing non-plus-ultra, then we look forward to receiving your speculative application at any time!<\/p>\n<p><strong>Please send your application to:<br \/> Geratec GmbH &amp; Co. KG<\/strong><br \/> Personalabteilung<br \/> Heinrich-Hertz-Stra\u00dfe 28<br \/> 07552 Gera<\/p>\n<p>or by\u00a0<strong>E-Mail<\/strong>: <a href=\"mailto:info@geratec.org\"><strong>info@geratec.org<\/strong><\/a><\/p>\n<p><span><span class=\"ue2\"><\/span><\/span><\/p>\n<h4><span><span class=\"ue2\">Our commitment has many faces.<\/span><\/span><\/h4>\n<p>What distinguishes Geratec and makes it what it is can be answered simply: They are our employees &#8211; from young to seasoned! A highly motivated team that combines technological know-how, an almost inexhaustible wealth of experience and the pursuit of innovation and team spirit. This makes it easy for us to offer our national and international customers individual solutions promptly.<\/p>\n<p>By the way: We never stand still and with <a href=\"https:\/\/www.madefuture.com\/\" target=\"_blank\" rel=\"noopener noreferrer\">Made<\/a> fulfilled our dream of sustainable design furniture. Here, too, we are always on the lookout for innovative minds.<\/p>\n<p>[\/et_pb_text][\/et_pb_column][\/et_pb_row][\/et_pb_section]<\/p>\n","protected":false},"excerpt":{"rendered":"<p>We are looking for you! Job offers in Gera &#8211; Current job advertisements Geratec GmbH is constantly growing and looking for talents who would like to help shape our success in the future and advance their careers. Become part of our innovative team! In Gera, located in eastern Thuringia and called the green lung, we [&hellip;]<\/p>\n","protected":false},"author":2,"featured_media":224495,"parent":0,"menu_order":0,"comment_status":"closed","ping_status":"closed","template":"","meta":{"_et_pb_use_builder":"on","_et_pb_old_content":"","_et_gb_content_width":"","footnotes":""},"yoast_head":"<!-- This site is optimized with the Yoast SEO Premium plugin v23.2 (Yoast SEO v23.2) - https:\/\/yoast.com\/wordpress\/plugins\/seo\/ -->\n<title>Jobangebote in Gera Geratec GmbH &amp; Co.KG - Bewerben Sie sich jetzt -<\/title>\n<meta name=\"description\" content=\"Aktuelle Jobangebote beim Kunstoffexperten in Gera. Ihre Karriere bei der Geratec GmbH &amp; Co. KG. Ihr Team f\u00fcr Rotationstechnik.\" \/>\n<meta name=\"robots\" content=\"index, follow, max-snippet:-1, max-image-preview:large, max-video-preview:-1\" \/>\n<link rel=\"canonical\" href=\"https:\/\/www.geratec.org\/en\/jobangebote-in-gera\/\" \/>\n<meta property=\"og:locale\" content=\"en_US\" \/>\n<meta property=\"og:type\" content=\"article\" \/>\n<meta property=\"og:title\" content=\"Stellenangebote\" \/>\n<meta property=\"og:description\" content=\"Aktuelle Jobangebote beim Kunstoffexperten in Gera. Ihre Karriere bei der Geratec GmbH &amp; Co. KG. Ihr Team f\u00fcr Rotationstechnik.\" \/>\n<meta property=\"og:url\" content=\"https:\/\/www.geratec.org\/en\/jobangebote-in-gera\/\" \/>\n<meta property=\"og:site_name\" content=\"Geratec GmbH &amp; Co.KG\" \/>\n<meta property=\"article:modified_time\" content=\"2021-12-02T11:33:45+00:00\" \/>\n<meta property=\"og:image\" content=\"https:\/\/www.geratec.org\/wp-content\/uploads\/2021\/07\/wirsuchendich.jpg\" \/>\n\t<meta property=\"og:image:width\" content=\"1136\" \/>\n\t<meta property=\"og:image:height\" content=\"1395\" \/>\n\t<meta property=\"og:image:type\" content=\"image\/jpeg\" \/>\n<meta name=\"twitter:card\" content=\"summary_large_image\" \/>\n<meta name=\"twitter:label1\" content=\"Est. reading time\" \/>\n\t<meta name=\"twitter:data1\" content=\"3 minutes\" \/>\n<script type=\"application\/ld+json\" class=\"yoast-schema-graph\">{\"@context\":\"https:\/\/schema.org\",\"@graph\":[{\"@type\":\"WebPage\",\"@id\":\"https:\/\/www.geratec.org\/en\/jobangebote-in-gera\/\",\"url\":\"https:\/\/www.geratec.org\/en\/jobangebote-in-gera\/\",\"name\":\"Jobangebote in Gera Geratec GmbH &amp; Co.KG - Bewerben Sie sich jetzt -\",\"isPartOf\":{\"@id\":\"https:\/\/www.geratec.org\/#website\"},\"primaryImageOfPage\":{\"@id\":\"https:\/\/www.geratec.org\/en\/jobangebote-in-gera\/#primaryimage\"},\"image\":{\"@id\":\"https:\/\/www.geratec.org\/en\/jobangebote-in-gera\/#primaryimage\"},\"thumbnailUrl\":\"https:\/\/www.geratec.org\/wp-content\/uploads\/2021\/07\/wirsuchendich.jpg\",\"datePublished\":\"2021-07-02T19:44:46+00:00\",\"dateModified\":\"2021-12-02T11:33:45+00:00\",\"description\":\"Aktuelle Jobangebote beim Kunstoffexperten in Gera. Ihre Karriere bei der Geratec GmbH & Co. KG. Ihr Team f\u00fcr Rotationstechnik.\",\"breadcrumb\":{\"@id\":\"https:\/\/www.geratec.org\/en\/jobangebote-in-gera\/#breadcrumb\"},\"inLanguage\":\"en-US\",\"potentialAction\":[{\"@type\":\"ReadAction\",\"target\":[\"https:\/\/www.geratec.org\/en\/jobangebote-in-gera\/\"]}]},{\"@type\":\"ImageObject\",\"inLanguage\":\"en-US\",\"@id\":\"https:\/\/www.geratec.org\/en\/jobangebote-in-gera\/#primaryimage\",\"url\":\"https:\/\/www.geratec.org\/wp-content\/uploads\/2021\/07\/wirsuchendich.jpg\",\"contentUrl\":\"https:\/\/www.geratec.org\/wp-content\/uploads\/2021\/07\/wirsuchendich.jpg\",\"width\":1136,\"height\":1395,\"caption\":\"Jobangebote in Gera\"},{\"@type\":\"BreadcrumbList\",\"@id\":\"https:\/\/www.geratec.org\/en\/jobangebote-in-gera\/#breadcrumb\",\"itemListElement\":[{\"@type\":\"ListItem\",\"position\":1,\"name\":\"Home\",\"item\":\"https:\/\/www.geratec.org\/en\/\"},{\"@type\":\"ListItem\",\"position\":2,\"name\":\"Stellenangebote\"}]},{\"@type\":\"WebSite\",\"@id\":\"https:\/\/www.geratec.org\/#website\",\"url\":\"https:\/\/www.geratec.org\/\",\"name\":\"Geratec GmbH\",\"description\":\"Kunststoffverarbeitung im Rotationsverfahren\",\"publisher\":{\"@id\":\"https:\/\/www.geratec.org\/#organization\"},\"alternateName\":\"Geratec\",\"potentialAction\":[{\"@type\":\"SearchAction\",\"target\":{\"@type\":\"EntryPoint\",\"urlTemplate\":\"https:\/\/www.geratec.org\/?s={search_term_string}\"},\"query-input\":\"required name=search_term_string\"}],\"inLanguage\":\"en-US\"},{\"@type\":\"Organization\",\"@id\":\"https:\/\/www.geratec.org\/#organization\",\"name\":\"Geratec GmbH - Kunststoffverarbeitung im Rotationsverfahren\",\"url\":\"https:\/\/www.geratec.org\/\",\"logo\":{\"@type\":\"ImageObject\",\"inLanguage\":\"en-US\",\"@id\":\"https:\/\/www.geratec.org\/#\/schema\/logo\/image\/\",\"url\":\"https:\/\/www.geratec.org\/wp-content\/uploads\/2021\/11\/cropped-mint_cropped-Geratec_Icon-1.png\",\"contentUrl\":\"https:\/\/www.geratec.org\/wp-content\/uploads\/2021\/11\/cropped-mint_cropped-Geratec_Icon-1.png\",\"width\":512,\"height\":512,\"caption\":\"Geratec GmbH - Kunststoffverarbeitung im Rotationsverfahren\"},\"image\":{\"@id\":\"https:\/\/www.geratec.org\/#\/schema\/logo\/image\/\"}}]}<\/script>\n<!-- \/ Yoast SEO Premium plugin. -->","yoast_head_json":{"title":"Jobangebote in Gera Geratec GmbH &amp; Co.KG - Bewerben Sie sich jetzt -","description":"Aktuelle Jobangebote beim Kunstoffexperten in Gera. Ihre Karriere bei der Geratec GmbH & Co. KG. Ihr Team f\u00fcr Rotationstechnik.","robots":{"index":"index","follow":"follow","max-snippet":"max-snippet:-1","max-image-preview":"max-image-preview:large","max-video-preview":"max-video-preview:-1"},"canonical":"https:\/\/www.geratec.org\/en\/jobangebote-in-gera\/","og_locale":"en_US","og_type":"article","og_title":"Stellenangebote","og_description":"Aktuelle Jobangebote beim Kunstoffexperten in Gera. Ihre Karriere bei der Geratec GmbH & Co. KG. Ihr Team f\u00fcr Rotationstechnik.","og_url":"https:\/\/www.geratec.org\/en\/jobangebote-in-gera\/","og_site_name":"Geratec GmbH &amp; Co.KG","article_modified_time":"2021-12-02T11:33:45+00:00","og_image":[{"width":1136,"height":1395,"url":"https:\/\/www.geratec.org\/wp-content\/uploads\/2021\/07\/wirsuchendich.jpg","type":"image\/jpeg"}],"twitter_card":"summary_large_image","twitter_misc":{"Est. reading time":"3 minutes"},"schema":{"@context":"https:\/\/schema.org","@graph":[{"@type":"WebPage","@id":"https:\/\/www.geratec.org\/en\/jobangebote-in-gera\/","url":"https:\/\/www.geratec.org\/en\/jobangebote-in-gera\/","name":"Jobangebote in Gera Geratec GmbH &amp; Co.KG - Bewerben Sie sich jetzt -","isPartOf":{"@id":"https:\/\/www.geratec.org\/#website"},"primaryImageOfPage":{"@id":"https:\/\/www.geratec.org\/en\/jobangebote-in-gera\/#primaryimage"},"image":{"@id":"https:\/\/www.geratec.org\/en\/jobangebote-in-gera\/#primaryimage"},"thumbnailUrl":"https:\/\/www.geratec.org\/wp-content\/uploads\/2021\/07\/wirsuchendich.jpg","datePublished":"2021-07-02T19:44:46+00:00","dateModified":"2021-12-02T11:33:45+00:00","description":"Aktuelle Jobangebote beim Kunstoffexperten in Gera. Ihre Karriere bei der Geratec GmbH & Co. KG. Ihr Team f\u00fcr Rotationstechnik.","breadcrumb":{"@id":"https:\/\/www.geratec.org\/en\/jobangebote-in-gera\/#breadcrumb"},"inLanguage":"en-US","potentialAction":[{"@type":"ReadAction","target":["https:\/\/www.geratec.org\/en\/jobangebote-in-gera\/"]}]},{"@type":"ImageObject","inLanguage":"en-US","@id":"https:\/\/www.geratec.org\/en\/jobangebote-in-gera\/#primaryimage","url":"https:\/\/www.geratec.org\/wp-content\/uploads\/2021\/07\/wirsuchendich.jpg","contentUrl":"https:\/\/www.geratec.org\/wp-content\/uploads\/2021\/07\/wirsuchendich.jpg","width":1136,"height":1395,"caption":"Jobangebote in Gera"},{"@type":"BreadcrumbList","@id":"https:\/\/www.geratec.org\/en\/jobangebote-in-gera\/#breadcrumb","itemListElement":[{"@type":"ListItem","position":1,"name":"Home","item":"https:\/\/www.geratec.org\/en\/"},{"@type":"ListItem","position":2,"name":"Stellenangebote"}]},{"@type":"WebSite","@id":"https:\/\/www.geratec.org\/#website","url":"https:\/\/www.geratec.org\/","name":"Geratec GmbH","description":"Kunststoffverarbeitung im Rotationsverfahren","publisher":{"@id":"https:\/\/www.geratec.org\/#organization"},"alternateName":"Geratec","potentialAction":[{"@type":"SearchAction","target":{"@type":"EntryPoint","urlTemplate":"https:\/\/www.geratec.org\/?s={search_term_string}"},"query-input":"required name=search_term_string"}],"inLanguage":"en-US"},{"@type":"Organization","@id":"https:\/\/www.geratec.org\/#organization","name":"Geratec GmbH - Kunststoffverarbeitung im Rotationsverfahren","url":"https:\/\/www.geratec.org\/","logo":{"@type":"ImageObject","inLanguage":"en-US","@id":"https:\/\/www.geratec.org\/#\/schema\/logo\/image\/","url":"https:\/\/www.geratec.org\/wp-content\/uploads\/2021\/11\/cropped-mint_cropped-Geratec_Icon-1.png","contentUrl":"https:\/\/www.geratec.org\/wp-content\/uploads\/2021\/11\/cropped-mint_cropped-Geratec_Icon-1.png","width":512,"height":512,"caption":"Geratec GmbH - Kunststoffverarbeitung im Rotationsverfahren"},"image":{"@id":"https:\/\/www.geratec.org\/#\/schema\/logo\/image\/"}}]}},"_links":{"self":[{"href":"https:\/\/www.geratec.org\/en\/wp-json\/wp\/v2\/pages\/224648"}],"collection":[{"href":"https:\/\/www.geratec.org\/en\/wp-json\/wp\/v2\/pages"}],"about":[{"href":"https:\/\/www.geratec.org\/en\/wp-json\/wp\/v2\/types\/page"}],"author":[{"embeddable":true,"href":"https:\/\/www.geratec.org\/en\/wp-json\/wp\/v2\/users\/2"}],"replies":[{"embeddable":true,"href":"https:\/\/www.geratec.org\/en\/wp-json\/wp\/v2\/comments?post=224648"}],"version-history":[{"count":1,"href":"https:\/\/www.geratec.org\/en\/wp-json\/wp\/v2\/pages\/224648\/revisions"}],"predecessor-version":[{"id":224650,"href":"https:\/\/www.geratec.org\/en\/wp-json\/wp\/v2\/pages\/224648\/revisions\/224650"}],"wp:featuredmedia":[{"embeddable":true,"href":"https:\/\/www.geratec.org\/en\/wp-json\/wp\/v2\/media\/224495"}],"wp:attachment":[{"href":"https:\/\/www.geratec.org\/en\/wp-json\/wp\/v2\/media?parent=224648"}],"curies":[{"name":"wp","href":"https:\/\/api.w.org\/{rel}","templated":true}]}}