{"id":224645,"date":"2021-06-30T13:03:19","date_gmt":"2021-06-30T13:03:19","guid":{"rendered":"https:\/\/www.geratec.org\/rotationsverfahren\/"},"modified":"2022-03-12T08:53:01","modified_gmt":"2022-03-12T08:53:01","slug":"rotationsverfahren","status":"publish","type":"page","link":"https:\/\/www.geratec.org\/en\/rotationsverfahren\/","title":{"rendered":"Rotationsverfahren"},"content":{"rendered":"<p>[et_pb_section fb_built=&#8221;1&#8243; admin_label=&#8221;Header&#8221; _builder_version=&#8221;4.8.2&#8243; background_color=&#8221;#f7f7f7&#8243; use_background_color_gradient=&#8221;on&#8221; background_color_gradient_start=&#8221;#f7f7f7&#8243; background_color_gradient_end=&#8221;#ffffff&#8221; background_color_gradient_direction=&#8221;90deg&#8221; background_color_gradient_start_position=&#8221;66%&#8221; background_color_gradient_end_position=&#8221;0%&#8221; max_height=&#8221;539px&#8221; custom_margin=&#8221;|||||&#8221; custom_padding=&#8221;||0px|||&#8221; background_last_edited=&#8221;on|tablet&#8221; use_background_color_gradient_tablet=&#8221;on&#8221; background_color_gradient_start_position_tablet=&#8221;100%&#8221;][et_pb_row column_structure=&#8221;1_2,1_2&#8243; custom_padding_last_edited=&#8221;on|phone&#8221; padding_left_right_link_1=&#8221;false&#8221; _builder_version=&#8221;4.8.2&#8243; background_enable_image=&#8221;off&#8221; background_size=&#8221;initial&#8221; background_position=&#8221;top_left&#8221; custom_padding=&#8221;|||20px&#8221; custom_padding_tablet=&#8221;&#8221; custom_padding_phone=&#8221;|||0px&#8221;][et_pb_column type=&#8221;1_2&#8243; _builder_version=&#8221;3.25&#8243; background_repeat=&#8221;repeat&#8221; custom_padding=&#8221;|20px||&#8221; custom_padding_tablet=&#8221;|0px||&#8221; custom_padding_phone=&#8221;&#8221; custom_padding_last_edited=&#8221;on|tablet&#8221; custom_padding__hover=&#8221;|||&#8221;][et_pb_text _builder_version=&#8221;4.8.2&#8243; text_font=&#8221;Lato||||||||&#8221; text_font_size=&#8221;16px&#8221; text_letter_spacing=&#8221;1px&#8221; text_line_height=&#8221;1.8em&#8221; header_font=&#8221;Lato|900|||||||&#8221; header_text_color=&#8221;#EDF000&#8243; header_font_size=&#8221;60px&#8221; header_line_height=&#8221;1.3em&#8221; custom_margin=&#8221;||60px&#8221; animation_style=&#8221;zoom&#8221; text_font_size_tablet=&#8221;&#8221; text_font_size_phone=&#8221;14px&#8221; text_font_size_last_edited=&#8221;on|desktop&#8221; header_font_size_tablet=&#8221;50px&#8221; header_font_size_phone=&#8221;30px&#8221; header_font_size_last_edited=&#8221;on|phone&#8221;]<\/p>\n<h1><span color=\"#4359e9\" style=\"color: #4359e9;\"><span style=\"color: #003761;\">Rotation in Perfektion!\u00a0<\/span>\u00a0<\/span><\/h1>\n<p><span>Unsere Leidenschaft ist die Kunststoff-Verarbeitung und Kunststoff-Produktion. Genau genommen die RotationsSintern-Verfahrenstechnik, auch Rotomoulding genannt. Bei uns erwarten Sie modernste und exklusive Technologie in Symbiose mit fachlicher Kompetenz mit einem klar definierten Fokus auf gro\u00dfvolumige Rotationsprodukte!\u00a0<\/span><\/p>\n<p><span color=\"#4359e9\" style=\"color: #4359e9;\"><\/span><\/p>\n<p>[\/et_pb_text][\/et_pb_column][et_pb_column type=&#8221;1_2&#8243; _builder_version=&#8221;3.25&#8243; custom_padding=&#8221;|||&#8221; custom_padding__hover=&#8221;|||&#8221;][et_pb_image title_text=&#8221;Rotationsverfahren&#8221; _builder_version=&#8221;4.8.2&#8243; background_image=&#8221;https:\/\/www.geratec.org\/wp-content\/uploads\/2021\/11\/Bildschirmfoto-2021-11-12-um-14.16.30-scaled.jpg&#8221; background_enable_video_mp4=&#8221;off&#8221; background_enable_video_webm=&#8221;off&#8221; background_video_pause_outside_viewport=&#8221;off&#8221; custom_margin=&#8221;-100px|-12vw||&#8221; custom_margin_tablet=&#8221;0px|||&#8221; custom_margin_phone=&#8221;&#8221; custom_margin_last_edited=&#8221;on|tablet&#8221; custom_padding=&#8221;||110.7%||false|false&#8221; custom_padding_tablet=&#8221;||40%&#8221; custom_padding_phone=&#8221;||40%&#8221; custom_padding_last_edited=&#8221;on|tablet&#8221;][\/et_pb_image][\/et_pb_column][\/et_pb_row][\/et_pb_section][et_pb_section fb_built=&#8221;1&#8243; admin_label=&#8221;Feature&#8221; _builder_version=&#8221;4.8.2&#8243; background_color=&#8221;RGBA(0,0,0,0)&#8221; background_image=&#8221;https:\/\/www.geratec.org\/wp-content\/uploads\/2021\/06\/blau_rund.png&#8221; custom_padding=&#8221;0px|||||&#8221;][et_pb_row column_structure=&#8221;1_2,1_2&#8243; _builder_version=&#8221;4.8.2&#8243; _module_preset=&#8221;default&#8221;][et_pb_column type=&#8221;1_2&#8243; _builder_version=&#8221;4.8.2&#8243; _module_preset=&#8221;default&#8221;][et_pb_image src=&#8221;https:\/\/www.geratec.org\/wp-content\/uploads\/2021\/11\/Unbenannt-1.jpg&#8221; alt=&#8221;Rotationsverfahren Rotomolding Kunststoffproduktion&#8221; title_text=&#8221;Rotationsverfahren Rotomolding Kunststoffproduktion&#8221; _builder_version=&#8221;4.8.2&#8243; _module_preset=&#8221;default&#8221; custom_margin=&#8221;86px||||false|false&#8221;][\/et_pb_image][\/et_pb_column][et_pb_column type=&#8221;1_2&#8243; _builder_version=&#8221;4.8.2&#8243; _module_preset=&#8221;default&#8221;][et_pb_text _builder_version=&#8221;4.8.2&#8243; _module_preset=&#8221;default&#8221; text_font=&#8221;Lato||||||||&#8221; text_font_size=&#8221;16px&#8221; text_letter_spacing=&#8221;1px&#8221; text_line_height=&#8221;1.8em&#8221; header_2_font=&#8221;Lato|900|||||||&#8221; header_2_text_color=&#8221;#074b93&#8243; header_2_font_size=&#8221;40px&#8221; custom_margin=&#8221;115px|||10px|false|false&#8221; animation_style=&#8221;zoom&#8221;]<\/p>\n<h2><span style=\"color: #003761;\">In f\u00fcnf Schritten perfekt performed.<\/span><\/h2>\n<p><span style=\"font-size: 16px;\"><\/span><\/p>\n<p>Das <strong>RotationsSintern<\/strong> ist ein in den USA geborenes, komplexes Kunststoff-Verarbeitungsverfahren zur Herstellung und dem industriellen Formen von Hohlk\u00f6rpern. Dieses Verfahren ist eine Antwort auf die unterschiedlichsten, zeitgem\u00e4\u00dfen Anforderungen unserer fortschrittlichen Industrie. Vier Arbeitsabl\u00e4ufe, verrichtet innerhalb nur eines einzigen Werkzeuges. Und gerade aus diesem guten Grund sprechen wir hier auch von\u00a0<span>Kunststoff-Produktion\u00a0<\/span><strong>\u201cperfekt performed\u201c<\/strong>!<\/p>\n<p>[\/et_pb_text][\/et_pb_column][\/et_pb_row][et_pb_row column_structure=&#8221;1_4,1_4,1_4,1_4&#8243; _builder_version=&#8221;4.8.2&#8243; _module_preset=&#8221;default&#8221; custom_margin=&#8221;0px|auto||auto|false|false&#8221;][et_pb_column type=&#8221;1_4&#8243; _builder_version=&#8221;4.8.2&#8243; _module_preset=&#8221;default&#8221;][et_pb_blurb title=&#8221;Einf\u00fcllen&#8221; use_icon=&#8221;on&#8221; font_icon=&#8221;%%59%%&#8221; icon_color=&#8221;#96cfc0&#8243; icon_placement=&#8221;left&#8221; use_icon_font_size=&#8221;on&#8221; icon_font_size=&#8221;32px&#8221; _builder_version=&#8221;4.8.2&#8243; header_font=&#8221;Bitter||||||||&#8221; header_line_height=&#8221;1.8em&#8221; body_font=&#8221;||||||||&#8221; body_text_align=&#8221;left&#8221; body_font_size=&#8221;16px&#8221; body_line_height=&#8221;1.8em&#8221; body_font_size_tablet=&#8221;&#8221; body_font_size_phone=&#8221;14px&#8221; body_font_size_last_edited=&#8221;on|desktop&#8221;][\/et_pb_blurb][et_pb_blurb title=&#8221;Entformen&#8221; use_icon=&#8221;on&#8221; font_icon=&#8221;%%59%%&#8221; icon_color=&#8221;#96cfc0&#8243; icon_placement=&#8221;left&#8221; use_icon_font_size=&#8221;on&#8221; icon_font_size=&#8221;32px&#8221; _builder_version=&#8221;4.8.2&#8243; header_font=&#8221;Bitter||||||||&#8221; header_line_height=&#8221;1.8em&#8221; body_font=&#8221;||||||||&#8221; body_text_align=&#8221;left&#8221; body_font_size=&#8221;16px&#8221; body_line_height=&#8221;1.8em&#8221; body_font_size_tablet=&#8221;&#8221; body_font_size_phone=&#8221;14px&#8221; body_font_size_last_edited=&#8221;on|desktop&#8221;][\/et_pb_blurb][\/et_pb_column][et_pb_column type=&#8221;1_4&#8243; _builder_version=&#8221;4.8.2&#8243; _module_preset=&#8221;default&#8221;][et_pb_blurb title=&#8221;Erhitzen&#8221; use_icon=&#8221;on&#8221; font_icon=&#8221;%%59%%&#8221; icon_color=&#8221;#96cfc0&#8243; icon_placement=&#8221;left&#8221; use_icon_font_size=&#8221;on&#8221; icon_font_size=&#8221;32px&#8221; _builder_version=&#8221;4.8.2&#8243; header_font=&#8221;Bitter||||||||&#8221; header_line_height=&#8221;1.8em&#8221; body_font=&#8221;||||||||&#8221; body_text_align=&#8221;left&#8221; body_font_size=&#8221;16px&#8221; body_line_height=&#8221;1.8em&#8221; body_font_size_tablet=&#8221;&#8221; body_font_size_phone=&#8221;14px&#8221; body_font_size_last_edited=&#8221;on|desktop&#8221;][\/et_pb_blurb][et_pb_blurb title=&#8221;Bearbeiten&#8221; use_icon=&#8221;on&#8221; font_icon=&#8221;%%59%%&#8221; icon_color=&#8221;#96cfc0&#8243; icon_placement=&#8221;left&#8221; use_icon_font_size=&#8221;on&#8221; icon_font_size=&#8221;32px&#8221; _builder_version=&#8221;4.8.2&#8243; header_font=&#8221;Bitter||||||||&#8221; header_line_height=&#8221;1.8em&#8221; body_font=&#8221;||||||||&#8221; body_text_align=&#8221;left&#8221; body_font_size=&#8221;16px&#8221; body_line_height=&#8221;1.8em&#8221; custom_margin=&#8221;|||-23px|false|false&#8221; custom_padding=&#8221;|||21px||&#8221; body_font_size_tablet=&#8221;&#8221; body_font_size_phone=&#8221;14px&#8221; body_font_size_last_edited=&#8221;on|desktop&#8221;][\/et_pb_blurb][\/et_pb_column][et_pb_column type=&#8221;1_4&#8243; _builder_version=&#8221;4.8.2&#8243; _module_preset=&#8221;default&#8221;][et_pb_blurb title=&#8221;Abk\u00fchlen&#8221; use_icon=&#8221;on&#8221; font_icon=&#8221;%%59%%&#8221; icon_color=&#8221;#96cfc0&#8243; icon_placement=&#8221;left&#8221; use_icon_font_size=&#8221;on&#8221; icon_font_size=&#8221;32px&#8221; _builder_version=&#8221;4.8.2&#8243; header_font=&#8221;Bitter||||||||&#8221; header_line_height=&#8221;1.8em&#8221; body_font=&#8221;||||||||&#8221; body_text_align=&#8221;left&#8221; body_font_size=&#8221;16px&#8221; body_line_height=&#8221;1.8em&#8221; body_font_size_tablet=&#8221;&#8221; body_font_size_phone=&#8221;14px&#8221; body_font_size_last_edited=&#8221;on|desktop&#8221;][\/et_pb_blurb][\/et_pb_column][et_pb_column type=&#8221;1_4&#8243; _builder_version=&#8221;4.8.2&#8243; _module_preset=&#8221;default&#8221;][\/et_pb_column][\/et_pb_row][et_pb_row column_structure=&#8221;1_2,1_2&#8243; _builder_version=&#8221;4.8.2&#8243; _module_preset=&#8221;default&#8221; background_color=&#8221;RGBA(0,0,0,0)&#8221;][et_pb_column type=&#8221;1_2&#8243; _builder_version=&#8221;4.8.2&#8243; _module_preset=&#8221;default&#8221;][et_pb_text _builder_version=&#8221;4.8.2&#8243; _module_preset=&#8221;default&#8221; text_font=&#8221;Lato||||||||&#8221; text_font_size=&#8221;16px&#8221; text_letter_spacing=&#8221;1px&#8221; text_line_height=&#8221;1.8em&#8221; header_3_font=&#8221;Lato|900|||||||&#8221; header_3_text_color=&#8221;#06559b&#8221; header_3_font_size=&#8221;40px&#8221; animation_style=&#8221;zoom&#8221;]<\/p>\n<h3><span><span style=\"color: #003761;\">Rotation ist unsere Leidenschaft!<\/span>\u00a0<\/span><\/h3>\n<p><strong>Kunststoff-Verarbeitung par ecellence! <\/strong><\/p>\n<p><span>Beim Rotationsverfahren wird zun\u00e4chst Kunststoffpulver in genau definierter Einsatzmenge und Zusammensetzung in Aluminium- oder Blechformen gef\u00fcllt. Diese werden dann \u00a0mittels einer bi-axialen Rotationsbewegung der Dreharme der Maschinen und der durch Gas beheizten \u00d6fen erhitzt.\u00a0<\/span><\/p>\n<p><span>Bei diesem Vorgang schmilzt die Kunststoff-Masse sukzessive an der Forminnenseite an und wird im sp\u00e4teren Arbeitsablauf durch Luftk\u00fchlung in den entsprechenden K\u00fchlstationen wieder auf Entformungs-Temperatur erkaltet.<\/span><\/p>\n<p><span>Ist das so bearbeitete Kunststoffmaterial wieder ausreichend kristallisiert und der entstandene Hohlk\u00f6rper weitestgehend formstabil, werden bei diesem vierten Schritt des Rotationsformens die Werkzeuge ge\u00f6ffnet, das fertige Teil entnommen und Zug um Zug der Nachbearbeitung zugef\u00fchrt. Bereits in diesem Moment steht die Maschine erneut bereit und ein weiterer Produktionsprozess kann beginnen.<\/span><\/p>\n<p>[\/et_pb_text][\/et_pb_column][et_pb_column type=&#8221;1_2&#8243; _builder_version=&#8221;4.8.2&#8243; _module_preset=&#8221;default&#8221;][et_pb_image src=&#8221;https:\/\/www.geratec.org\/wp-content\/uploads\/2021\/11\/Unbenannt-2.jpg&#8221; alt=&#8221;Rotationsverfahren in Gera&#8221; title_text=&#8221;Rotationsverfahren in Gera&#8221; _builder_version=&#8221;4.8.2&#8243; _module_preset=&#8221;default&#8221;][\/et_pb_image][\/et_pb_column][\/et_pb_row][\/et_pb_section][et_pb_section fb_built=&#8221;1&#8243; _builder_version=&#8221;4.8.2&#8243; _module_preset=&#8221;default&#8221;][et_pb_row _builder_version=&#8221;4.8.2&#8243; _module_preset=&#8221;default&#8221; animation_style=&#8221;zoom&#8221;][et_pb_column type=&#8221;4_4&#8243; _builder_version=&#8221;4.8.2&#8243; _module_preset=&#8221;default&#8221;][et_pb_video_slider _builder_version=&#8221;4.8.2&#8243; _module_preset=&#8221;default&#8221;][et_pb_video_slider_item src=&#8221;https:\/\/www.youtube.com\/watch?v=2ehn5061ca0&#8243; play_icon_color=&#8221;#0C71C3&#8243; use_icon_font_size=&#8221;on&#8221; icon_font_size=&#8221;94px&#8221; _builder_version=&#8221;4.8.2&#8243; _module_preset=&#8221;default&#8221; show_image_overlay=&#8221;off&#8221;][\/et_pb_video_slider_item][et_pb_video_slider_item src=&#8221;https:\/\/www.youtube.com\/watch?v=Y1el51tk2iA&#8221; _builder_version=&#8221;4.8.2&#8243; _module_preset=&#8221;default&#8221; show_image_overlay=&#8221;off&#8221;][\/et_pb_video_slider_item][\/et_pb_video_slider][\/et_pb_column][\/et_pb_row][\/et_pb_section][et_pb_section fb_built=&#8221;1&#8243; admin_label=&#8221;Feature&#8221; _builder_version=&#8221;4.8.2&#8243; background_color=&#8221;RGBA(0,0,0,0)&#8221; background_enable_image=&#8221;off&#8221; background_blend=&#8221;lighten&#8221; custom_padding=&#8221;0px|||||&#8221;][et_pb_row column_structure=&#8221;1_2,1_2&#8243; _builder_version=&#8221;4.8.2&#8243; _module_preset=&#8221;default&#8221; background_color=&#8221;RGBA(0,0,0,0)&#8221;][et_pb_column type=&#8221;1_2&#8243; _builder_version=&#8221;4.8.2&#8243; _module_preset=&#8221;default&#8221;][et_pb_image src=&#8221;https:\/\/www.geratec.org\/wp-content\/uploads\/2021\/07\/Bildschirmfoto-2021-07-02-um-13.50.39.jpg&#8221; alt=&#8221;Rotationsverfahren&#8221; title_text=&#8221;Rotationsverfahren&#8221; _builder_version=&#8221;4.8.2&#8243; _module_preset=&#8221;default&#8221;][\/et_pb_image][\/et_pb_column][et_pb_column type=&#8221;1_2&#8243; _builder_version=&#8221;4.8.2&#8243; _module_preset=&#8221;default&#8221;][et_pb_text _builder_version=&#8221;4.8.2&#8243; _module_preset=&#8221;default&#8221; text_font=&#8221;Lato||||||||&#8221; text_font_size=&#8221;16px&#8221; text_letter_spacing=&#8221;1px&#8221; text_line_height=&#8221;1.8em&#8221; header_3_font=&#8221;Lato|900|||||||&#8221; header_3_text_color=&#8221;#06559b&#8221; header_3_font_size=&#8221;40px&#8221; header_4_font=&#8221;Lato|900|||||||&#8221; header_4_text_color=&#8221;#094e99&#8243; header_4_font_size=&#8221;40px&#8221; header_5_font=&#8221;Lato|900|||||||&#8221; header_5_text_color=&#8221;#053363&#8243; header_5_font_size=&#8221;40px&#8221; animation_style=&#8221;zoom&#8221;]<\/p>\n<h5><span><span class=\"ue2\">Eine wahrhaft \u201crunde\u201c Sache.<\/span> <\/span><\/h5>\n<p><span><\/span><strong>Experte f\u00fcr\u00a0gro\u00dfvolumige Rotationsprodukte<\/strong><\/p>\n<p><span>Das Rotationsformen als solches bietet unz\u00e4hlige Vorz\u00fcge, die letztlich im Detail stecken. Minimale Werkzeugkosten bei gr\u00f6\u00dftm\u00f6glicher Effizienz sowohl f\u00fcr kleinere, mittlere aber auch gr\u00f6\u00dfere Serienproduktionen.<\/span><\/p>\n<p>Die Herstellung von gro\u00dfvolumigen, nahtlosen Kunststoffhohlk\u00f6rpern mit ebenm\u00e4\u00dfigen, spannungsfreien Wandst\u00e4rken &#8211; und das auch bei der kompliziertesten Formgebung! Ob mit oder ohne \u00d6ffnungen, durchgehenden Verbindungen oder Gewinden: unsere <span>Rotomoulding<\/span>-Maschinen garantieren und bieten alle erforderlichen Voraussetzungen f\u00fcr die fortschrittliche Produktion bei stets steigender Produktionskapazit\u00e4t.<\/p>\n<p>Herzst\u00fcck <a href=\"https:\/\/www.geratec.org\/ueber-uns\/\">unseres Unternehmens<\/a> ist eine der gr\u00f6\u00dften und modernsten Rotomolding-Maschinen Europas. Mit einem Rotationsdurchmesser von 5.000 mm und einer Traglast von 2.500 kg pro Arm ist diese Karussellanlage ein Garant f\u00fcr die Zukunft und eine wirklich \u201crunde Sache\u201c!<\/p>\n<p>[\/et_pb_text][\/et_pb_column][\/et_pb_row][\/et_pb_section]<\/p>\n","protected":false},"excerpt":{"rendered":"<p>Rotation in Perfektion!\u00a0\u00a0 Unsere Leidenschaft ist die Kunststoff-Verarbeitung und Kunststoff-Produktion. Genau genommen die RotationsSintern-Verfahrenstechnik, auch Rotomoulding genannt. Bei uns erwarten Sie modernste und exklusive Technologie in Symbiose mit fachlicher Kompetenz mit einem klar definierten Fokus auf gro\u00dfvolumige Rotationsprodukte!\u00a0 In f\u00fcnf Schritten perfekt performed. Das RotationsSintern ist ein in den USA geborenes, komplexes Kunststoff-Verarbeitungsverfahren zur Herstellung [&hellip;]<\/p>\n","protected":false},"author":2,"featured_media":224414,"parent":0,"menu_order":0,"comment_status":"closed","ping_status":"closed","template":"","meta":{"_et_pb_use_builder":"on","_et_pb_old_content":"","_et_gb_content_width":"","footnotes":""},"yoast_head":"<!-- This site is optimized with the Yoast SEO Premium plugin v23.2 (Yoast SEO v23.2) - https:\/\/yoast.com\/wordpress\/plugins\/seo\/ -->\n<title>Rotationsverfahren - Geratec GmbH &amp; Co.KG - Kunststoff-Verarbeitung<\/title>\n<meta name=\"description\" content=\"Geratec ist Experte f\u00fcr Rotationsverfahren in der Kunststoff-Produktion. Rotomolding Kompetenz f\u00fcr gro\u00dfvolumige Rotationsprodukte.\" \/>\n<meta name=\"robots\" content=\"index, follow, max-snippet:-1, max-image-preview:large, max-video-preview:-1\" \/>\n<link rel=\"canonical\" href=\"https:\/\/www.geratec.org\/en\/rotationsverfahren\/\" \/>\n<meta property=\"og:locale\" content=\"en_US\" \/>\n<meta property=\"og:type\" content=\"article\" \/>\n<meta property=\"og:title\" content=\"Rotationsverfahren\" \/>\n<meta property=\"og:description\" content=\"Geratec ist Experte f\u00fcr Rotationsverfahren in der Kunststoff-Produktion. Rotomolding Kompetenz f\u00fcr gro\u00dfvolumige Rotationsprodukte.\" \/>\n<meta property=\"og:url\" content=\"https:\/\/www.geratec.org\/en\/rotationsverfahren\/\" \/>\n<meta property=\"og:site_name\" content=\"Geratec GmbH &amp; Co.KG\" \/>\n<meta property=\"article:modified_time\" content=\"2022-03-12T08:53:01+00:00\" \/>\n<meta property=\"og:image\" content=\"https:\/\/www.geratec.org\/wp-content\/uploads\/2021\/11\/Bildschirmfoto-2021-11-12-um-14.16.30-scaled.jpg\" \/>\n\t<meta property=\"og:image:width\" content=\"2560\" \/>\n\t<meta property=\"og:image:height\" content=\"1380\" \/>\n\t<meta property=\"og:image:type\" content=\"image\/jpeg\" \/>\n<meta name=\"twitter:card\" content=\"summary_large_image\" \/>\n<meta name=\"twitter:label1\" content=\"Est. reading time\" \/>\n\t<meta name=\"twitter:data1\" content=\"3 minutes\" \/>\n<script type=\"application\/ld+json\" class=\"yoast-schema-graph\">{\"@context\":\"https:\/\/schema.org\",\"@graph\":[{\"@type\":\"WebPage\",\"@id\":\"https:\/\/www.geratec.org\/en\/rotationsverfahren\/\",\"url\":\"https:\/\/www.geratec.org\/en\/rotationsverfahren\/\",\"name\":\"Rotationsverfahren - Geratec GmbH &amp; Co.KG - Kunststoff-Verarbeitung\",\"isPartOf\":{\"@id\":\"https:\/\/www.geratec.org\/#website\"},\"primaryImageOfPage\":{\"@id\":\"https:\/\/www.geratec.org\/en\/rotationsverfahren\/#primaryimage\"},\"image\":{\"@id\":\"https:\/\/www.geratec.org\/en\/rotationsverfahren\/#primaryimage\"},\"thumbnailUrl\":\"https:\/\/www.geratec.org\/wp-content\/uploads\/2021\/11\/Bildschirmfoto-2021-11-12-um-14.16.30-scaled.jpg\",\"datePublished\":\"2021-06-30T13:03:19+00:00\",\"dateModified\":\"2022-03-12T08:53:01+00:00\",\"description\":\"Geratec ist Experte f\u00fcr Rotationsverfahren in der Kunststoff-Produktion. Rotomolding Kompetenz f\u00fcr gro\u00dfvolumige Rotationsprodukte.\",\"breadcrumb\":{\"@id\":\"https:\/\/www.geratec.org\/en\/rotationsverfahren\/#breadcrumb\"},\"inLanguage\":\"en-US\",\"potentialAction\":[{\"@type\":\"ReadAction\",\"target\":[\"https:\/\/www.geratec.org\/en\/rotationsverfahren\/\"]}]},{\"@type\":\"ImageObject\",\"inLanguage\":\"en-US\",\"@id\":\"https:\/\/www.geratec.org\/en\/rotationsverfahren\/#primaryimage\",\"url\":\"https:\/\/www.geratec.org\/wp-content\/uploads\/2021\/11\/Bildschirmfoto-2021-11-12-um-14.16.30-scaled.jpg\",\"contentUrl\":\"https:\/\/www.geratec.org\/wp-content\/uploads\/2021\/11\/Bildschirmfoto-2021-11-12-um-14.16.30-scaled.jpg\",\"width\":2560,\"height\":1380,\"caption\":\"Geratec GmbH & Co. KG, Rotationsverfahren, Rotomolding, Produkt\u00fcbersicht\"},{\"@type\":\"BreadcrumbList\",\"@id\":\"https:\/\/www.geratec.org\/en\/rotationsverfahren\/#breadcrumb\",\"itemListElement\":[{\"@type\":\"ListItem\",\"position\":1,\"name\":\"Home\",\"item\":\"https:\/\/www.geratec.org\/en\/\"},{\"@type\":\"ListItem\",\"position\":2,\"name\":\"Rotationsverfahren\"}]},{\"@type\":\"WebSite\",\"@id\":\"https:\/\/www.geratec.org\/#website\",\"url\":\"https:\/\/www.geratec.org\/\",\"name\":\"Geratec GmbH\",\"description\":\"Kunststoffverarbeitung im Rotationsverfahren\",\"publisher\":{\"@id\":\"https:\/\/www.geratec.org\/#organization\"},\"alternateName\":\"Geratec\",\"potentialAction\":[{\"@type\":\"SearchAction\",\"target\":{\"@type\":\"EntryPoint\",\"urlTemplate\":\"https:\/\/www.geratec.org\/?s={search_term_string}\"},\"query-input\":\"required name=search_term_string\"}],\"inLanguage\":\"en-US\"},{\"@type\":\"Organization\",\"@id\":\"https:\/\/www.geratec.org\/#organization\",\"name\":\"Geratec GmbH - Kunststoffverarbeitung im Rotationsverfahren\",\"url\":\"https:\/\/www.geratec.org\/\",\"logo\":{\"@type\":\"ImageObject\",\"inLanguage\":\"en-US\",\"@id\":\"https:\/\/www.geratec.org\/#\/schema\/logo\/image\/\",\"url\":\"https:\/\/www.geratec.org\/wp-content\/uploads\/2021\/11\/cropped-mint_cropped-Geratec_Icon-1.png\",\"contentUrl\":\"https:\/\/www.geratec.org\/wp-content\/uploads\/2021\/11\/cropped-mint_cropped-Geratec_Icon-1.png\",\"width\":512,\"height\":512,\"caption\":\"Geratec GmbH - Kunststoffverarbeitung im Rotationsverfahren\"},\"image\":{\"@id\":\"https:\/\/www.geratec.org\/#\/schema\/logo\/image\/\"}}]}<\/script>\n<!-- \/ Yoast SEO Premium plugin. -->","yoast_head_json":{"title":"Rotationsverfahren - Geratec GmbH &amp; Co.KG - Kunststoff-Verarbeitung","description":"Geratec ist Experte f\u00fcr Rotationsverfahren in der Kunststoff-Produktion. Rotomolding Kompetenz f\u00fcr gro\u00dfvolumige Rotationsprodukte.","robots":{"index":"index","follow":"follow","max-snippet":"max-snippet:-1","max-image-preview":"max-image-preview:large","max-video-preview":"max-video-preview:-1"},"canonical":"https:\/\/www.geratec.org\/en\/rotationsverfahren\/","og_locale":"en_US","og_type":"article","og_title":"Rotationsverfahren","og_description":"Geratec ist Experte f\u00fcr Rotationsverfahren in der Kunststoff-Produktion. Rotomolding Kompetenz f\u00fcr gro\u00dfvolumige Rotationsprodukte.","og_url":"https:\/\/www.geratec.org\/en\/rotationsverfahren\/","og_site_name":"Geratec GmbH &amp; Co.KG","article_modified_time":"2022-03-12T08:53:01+00:00","og_image":[{"width":2560,"height":1380,"url":"https:\/\/www.geratec.org\/wp-content\/uploads\/2021\/11\/Bildschirmfoto-2021-11-12-um-14.16.30-scaled.jpg","type":"image\/jpeg"}],"twitter_card":"summary_large_image","twitter_misc":{"Est. reading time":"3 minutes"},"schema":{"@context":"https:\/\/schema.org","@graph":[{"@type":"WebPage","@id":"https:\/\/www.geratec.org\/en\/rotationsverfahren\/","url":"https:\/\/www.geratec.org\/en\/rotationsverfahren\/","name":"Rotationsverfahren - Geratec GmbH &amp; Co.KG - Kunststoff-Verarbeitung","isPartOf":{"@id":"https:\/\/www.geratec.org\/#website"},"primaryImageOfPage":{"@id":"https:\/\/www.geratec.org\/en\/rotationsverfahren\/#primaryimage"},"image":{"@id":"https:\/\/www.geratec.org\/en\/rotationsverfahren\/#primaryimage"},"thumbnailUrl":"https:\/\/www.geratec.org\/wp-content\/uploads\/2021\/11\/Bildschirmfoto-2021-11-12-um-14.16.30-scaled.jpg","datePublished":"2021-06-30T13:03:19+00:00","dateModified":"2022-03-12T08:53:01+00:00","description":"Geratec ist Experte f\u00fcr Rotationsverfahren in der Kunststoff-Produktion. Rotomolding Kompetenz f\u00fcr gro\u00dfvolumige Rotationsprodukte.","breadcrumb":{"@id":"https:\/\/www.geratec.org\/en\/rotationsverfahren\/#breadcrumb"},"inLanguage":"en-US","potentialAction":[{"@type":"ReadAction","target":["https:\/\/www.geratec.org\/en\/rotationsverfahren\/"]}]},{"@type":"ImageObject","inLanguage":"en-US","@id":"https:\/\/www.geratec.org\/en\/rotationsverfahren\/#primaryimage","url":"https:\/\/www.geratec.org\/wp-content\/uploads\/2021\/11\/Bildschirmfoto-2021-11-12-um-14.16.30-scaled.jpg","contentUrl":"https:\/\/www.geratec.org\/wp-content\/uploads\/2021\/11\/Bildschirmfoto-2021-11-12-um-14.16.30-scaled.jpg","width":2560,"height":1380,"caption":"Geratec GmbH & Co. KG, Rotationsverfahren, Rotomolding, Produkt\u00fcbersicht"},{"@type":"BreadcrumbList","@id":"https:\/\/www.geratec.org\/en\/rotationsverfahren\/#breadcrumb","itemListElement":[{"@type":"ListItem","position":1,"name":"Home","item":"https:\/\/www.geratec.org\/en\/"},{"@type":"ListItem","position":2,"name":"Rotationsverfahren"}]},{"@type":"WebSite","@id":"https:\/\/www.geratec.org\/#website","url":"https:\/\/www.geratec.org\/","name":"Geratec GmbH","description":"Kunststoffverarbeitung im Rotationsverfahren","publisher":{"@id":"https:\/\/www.geratec.org\/#organization"},"alternateName":"Geratec","potentialAction":[{"@type":"SearchAction","target":{"@type":"EntryPoint","urlTemplate":"https:\/\/www.geratec.org\/?s={search_term_string}"},"query-input":"required name=search_term_string"}],"inLanguage":"en-US"},{"@type":"Organization","@id":"https:\/\/www.geratec.org\/#organization","name":"Geratec GmbH - Kunststoffverarbeitung im Rotationsverfahren","url":"https:\/\/www.geratec.org\/","logo":{"@type":"ImageObject","inLanguage":"en-US","@id":"https:\/\/www.geratec.org\/#\/schema\/logo\/image\/","url":"https:\/\/www.geratec.org\/wp-content\/uploads\/2021\/11\/cropped-mint_cropped-Geratec_Icon-1.png","contentUrl":"https:\/\/www.geratec.org\/wp-content\/uploads\/2021\/11\/cropped-mint_cropped-Geratec_Icon-1.png","width":512,"height":512,"caption":"Geratec GmbH - Kunststoffverarbeitung im Rotationsverfahren"},"image":{"@id":"https:\/\/www.geratec.org\/#\/schema\/logo\/image\/"}}]}},"_links":{"self":[{"href":"https:\/\/www.geratec.org\/en\/wp-json\/wp\/v2\/pages\/224645"}],"collection":[{"href":"https:\/\/www.geratec.org\/en\/wp-json\/wp\/v2\/pages"}],"about":[{"href":"https:\/\/www.geratec.org\/en\/wp-json\/wp\/v2\/types\/page"}],"author":[{"embeddable":true,"href":"https:\/\/www.geratec.org\/en\/wp-json\/wp\/v2\/users\/2"}],"replies":[{"embeddable":true,"href":"https:\/\/www.geratec.org\/en\/wp-json\/wp\/v2\/comments?post=224645"}],"version-history":[{"count":4,"href":"https:\/\/www.geratec.org\/en\/wp-json\/wp\/v2\/pages\/224645\/revisions"}],"predecessor-version":[{"id":224714,"href":"https:\/\/www.geratec.org\/en\/wp-json\/wp\/v2\/pages\/224645\/revisions\/224714"}],"wp:featuredmedia":[{"embeddable":true,"href":"https:\/\/www.geratec.org\/en\/wp-json\/wp\/v2\/media\/224414"}],"wp:attachment":[{"href":"https:\/\/www.geratec.org\/en\/wp-json\/wp\/v2\/media?parent=224645"}],"curies":[{"name":"wp","href":"https:\/\/api.w.org\/{rel}","templated":true}]}}